{"id":8,"date":"2019-08-16T12:05:35","date_gmt":"2019-08-16T12:05:35","guid":{"rendered":"http:\/\/audio-therapeut.com\/?page_id=8"},"modified":"2020-04-01T11:09:58","modified_gmt":"2020-04-01T11:09:58","slug":"know-how","status":"publish","type":"page","link":"http:\/\/audio-therapeut.com\/?page_id=8","title":{"rendered":"Know How"},"content":{"rendered":"\n<p>eigene Erfahrung (Siehe zur Person)<br> regelm\u00e4\u00dfiger Teilnahme an Fachvortr\u00e4gen, z.B: Feuersteintagung, CI Symposiums<br> Erfahrungen als Schwerbehindertenvertreterin<br> Teilnahme am psychosozialen Netzwerk f\u00fcr h\u00f6rgesch\u00e4digte Kinder, Jugendliche und Eltern<br> Mitglied und Teilnahme am Bund der deutschsprachiger AudiotherapeutInnen e.V.<br> Mitglied des CIV NRW mit aktiver Unterst\u00fctzung<br> Mimikresonanz nach Dirk W. Eilert<br> Geb\u00e4rdensprachkurse<br> Weiterbildung in Systemaufstellung mit regelm\u00e4\u00dfigen Erfahrungen in Aufstellungen<br> Aktuelle Weiterbildung in Aufstellungsarbeit<\/p>\n\n\n\n<p><\/p>\n","protected":false},"excerpt":{"rendered":"<p>eigene Erfahrung (Siehe zur Person) regelm\u00e4\u00dfiger Teilnahme an Fachvortr\u00e4gen, z.B: Feuersteintagung, CI Symposiums Erfahrungen als Schwerbehindertenvertreterin Teilnahme am psychosozialen Netzwerk f\u00fcr h\u00f6rgesch\u00e4digte Kinder, Jugendliche und Eltern Mitglied und Teilnahme am Bund der deutschsprachiger AudiotherapeutInnen e.V. Mitglied des CIV NRW mit aktiver Unterst\u00fctzung Mimikresonanz nach Dirk W. Eilert Geb\u00e4rdensprachkurse Weiterbildung in Systemaufstellung mit regelm\u00e4\u00dfigen Erfahrungen in &hellip; <\/p>\n<p class=\"link-more\"><a href=\"http:\/\/audio-therapeut.com\/?page_id=8\" class=\"more-link\"><span class=\"screen-reader-text\">\u201eKnow How\u201c<\/span> weiterlesen<\/a><\/p>\n","protected":false},"author":1,"featured_media":0,"parent":0,"menu_order":0,"comment_status":"closed","ping_status":"closed","template":"","meta":{"footnotes":""},"class_list":["post-8","page","type-page","status-publish","hentry"],"_links":{"self":[{"href":"http:\/\/audio-therapeut.com\/index.php?rest_route=\/wp\/v2\/pages\/8","targetHints":{"allow":["GET"]}}],"collection":[{"href":"http:\/\/audio-therapeut.com\/index.php?rest_route=\/wp\/v2\/pages"}],"about":[{"href":"http:\/\/audio-therapeut.com\/index.php?rest_route=\/wp\/v2\/types\/page"}],"author":[{"embeddable":true,"href":"http:\/\/audio-therapeut.com\/index.php?rest_route=\/wp\/v2\/users\/1"}],"replies":[{"embeddable":true,"href":"http:\/\/audio-therapeut.com\/index.php?rest_route=%2Fwp%2Fv2%2Fcomments&post=8"}],"version-history":[{"count":5,"href":"http:\/\/audio-therapeut.com\/index.php?rest_route=\/wp\/v2\/pages\/8\/revisions"}],"predecessor-version":[{"id":80,"href":"http:\/\/audio-therapeut.com\/index.php?rest_route=\/wp\/v2\/pages\/8\/revisions\/80"}],"wp:attachment":[{"href":"http:\/\/audio-therapeut.com\/index.php?rest_route=%2Fwp%2Fv2%2Fmedia&parent=8"}],"curies":[{"name":"wp","href":"https:\/\/api.w.org\/{rel}","templated":true}]}}