{"id":2,"date":"2016-05-10T03:48:21","date_gmt":"2016-05-10T03:48:21","guid":{"rendered":"http:\/\/audio-therapeut.com\/?page_id=2"},"modified":"2019-09-19T10:55:43","modified_gmt":"2019-09-19T10:55:43","slug":"sample-page","status":"publish","type":"page","link":"http:\/\/audio-therapeut.com\/","title":{"rendered":"Home"},"content":{"rendered":"<p><b>Audio<\/b> kommt aus dem lateinischen und hei\u00dft, ich h\u00f6re.<\/p>\n<p><b>Therapie<\/b> kommt aus dem altgriechischen und bedeutet Ma\u00dfnahmen, die eine Behinderung positiv beeinflussen.<\/p>\n<p>Ziel der Audiotherapie ist es h\u00f6rgesch\u00e4digten Menschen Handwerkszeug zum besseren H\u00f6ren und Verstehen in der Kommunikation zu geben.<\/p>\n<p>Ma\u00dfnahmen die ich anbieten kann sind:<\/p>\n<ul>\n<li>Einsch\u00e4tzung des eigenen H\u00f6r- und Kommunikationsstatus<\/li>\n<li>Aufkl\u00e4rung \u00fcber technische Versorgung<\/li>\n<li>Absehtraining<\/li>\n<li>H\u00f6rtrainig<\/li>\n<li>H\u00f6rtaktik<\/li>\n<li>Kommunikationstaktik<\/li>\n<li>Unterst\u00fctzung in der Bew\u00e4ltigung der psychoszialen Folgen<\/li>\n<li>Unterst\u00fctzung in sozialrechtlichen Fragen<\/li>\n<\/ul>\n","protected":false},"excerpt":{"rendered":"<p>Audio kommt aus dem lateinischen und hei\u00dft, ich h\u00f6re. Therapie kommt aus dem altgriechischen und bedeutet Ma\u00dfnahmen, die eine Behinderung positiv beeinflussen. Ziel der Audiotherapie ist es h\u00f6rgesch\u00e4digten Menschen Handwerkszeug zum besseren H\u00f6ren und Verstehen in der Kommunikation zu geben. Ma\u00dfnahmen die ich anbieten kann sind: Einsch\u00e4tzung des eigenen H\u00f6r- und Kommunikationsstatus Aufkl\u00e4rung \u00fcber technische &hellip; <\/p>\n<p class=\"link-more\"><a href=\"http:\/\/audio-therapeut.com\/\" class=\"more-link\"><span class=\"screen-reader-text\">\u201eHome\u201c<\/span> weiterlesen<\/a><\/p>\n","protected":false},"author":1,"featured_media":0,"parent":0,"menu_order":0,"comment_status":"closed","ping_status":"open","template":"","meta":{"footnotes":""},"class_list":["post-2","page","type-page","status-publish","hentry"],"_links":{"self":[{"href":"http:\/\/audio-therapeut.com\/index.php?rest_route=\/wp\/v2\/pages\/2","targetHints":{"allow":["GET"]}}],"collection":[{"href":"http:\/\/audio-therapeut.com\/index.php?rest_route=\/wp\/v2\/pages"}],"about":[{"href":"http:\/\/audio-therapeut.com\/index.php?rest_route=\/wp\/v2\/types\/page"}],"author":[{"embeddable":true,"href":"http:\/\/audio-therapeut.com\/index.php?rest_route=\/wp\/v2\/users\/1"}],"replies":[{"embeddable":true,"href":"http:\/\/audio-therapeut.com\/index.php?rest_route=%2Fwp%2Fv2%2Fcomments&post=2"}],"version-history":[{"count":4,"href":"http:\/\/audio-therapeut.com\/index.php?rest_route=\/wp\/v2\/pages\/2\/revisions"}],"predecessor-version":[{"id":43,"href":"http:\/\/audio-therapeut.com\/index.php?rest_route=\/wp\/v2\/pages\/2\/revisions\/43"}],"wp:attachment":[{"href":"http:\/\/audio-therapeut.com\/index.php?rest_route=%2Fwp%2Fv2%2Fmedia&parent=2"}],"curies":[{"name":"wp","href":"https:\/\/api.w.org\/{rel}","templated":true}]}}